{"id":263,"date":"2016-01-05T20:04:19","date_gmt":"2016-01-05T19:04:19","guid":{"rendered":"http:\/\/yvonnewaern.se\/?page_id=263"},"modified":"2016-01-05T22:49:18","modified_gmt":"2016-01-05T21:49:18","slug":"om-noveller","status":"publish","type":"page","link":"https:\/\/yvonnewaern.se\/index.php\/om-noveller\/","title":{"rendered":"Om noveller"},"content":{"rendered":"<p>N\u00e4r jag var ton\u00e5ring skrev jag hj\u00e4rtsk\u00e4rande noveller om f\u00f6r\u00e4lskelse och sjukdomar som ledde till d\u00f6den. D\u00e5 visste jag inte mycket.<\/p>\n<p>Nu vet jag mer och \u00e4r n\u00e4rmare d\u00f6den. Noveller \u00e4r ett s\u00e4tt att hantera gamla minnen och nya problem.<\/p>\n<p>Dessutom kan det finnas kapitel som blir \u00f6ver ur romanerna. Jag l\u00e4gger upp n\u00e5gra noveller h\u00e4r. Om du gillar n\u00e5gon, tala g\u00e4rna om i en kommentar!<\/p>\n<p>V\u00e4lkommen hit!<\/p>\n","protected":false},"excerpt":{"rendered":"<p>N\u00e4r jag var ton\u00e5ring skrev jag hj\u00e4rtsk\u00e4rande noveller om f\u00f6r\u00e4lskelse och sjukdomar som ledde till d\u00f6den. D\u00e5 visste jag inte mycket. Nu vet jag mer och \u00e4r n\u00e4rmare d\u00f6den. Noveller \u00e4r ett s\u00e4tt att hantera gamla minnen och nya problem. Dessutom kan det finnas kapitel som blir \u00f6ver ur romanerna. Jag l\u00e4gger upp n\u00e5gra noveller &hellip; <a href=\"https:\/\/yvonnewaern.se\/index.php\/om-noveller\/\" class=\"more-link\">Forts\u00e4tt l\u00e4sa <span class=\"screen-reader-text\">Om noveller<\/span> <span class=\"meta-nav\">&rarr;<\/span><\/a><\/p>\n","protected":false},"author":1,"featured_media":0,"parent":0,"menu_order":1,"comment_status":"closed","ping_status":"closed","template":"","meta":{"footnotes":""},"class_list":["post-263","page","type-page","status-publish","hentry"],"_links":{"self":[{"href":"https:\/\/yvonnewaern.se\/index.php\/wp-json\/wp\/v2\/pages\/263","targetHints":{"allow":["GET"]}}],"collection":[{"href":"https:\/\/yvonnewaern.se\/index.php\/wp-json\/wp\/v2\/pages"}],"about":[{"href":"https:\/\/yvonnewaern.se\/index.php\/wp-json\/wp\/v2\/types\/page"}],"author":[{"embeddable":true,"href":"https:\/\/yvonnewaern.se\/index.php\/wp-json\/wp\/v2\/users\/1"}],"replies":[{"embeddable":true,"href":"https:\/\/yvonnewaern.se\/index.php\/wp-json\/wp\/v2\/comments?post=263"}],"version-history":[{"count":1,"href":"https:\/\/yvonnewaern.se\/index.php\/wp-json\/wp\/v2\/pages\/263\/revisions"}],"predecessor-version":[{"id":264,"href":"https:\/\/yvonnewaern.se\/index.php\/wp-json\/wp\/v2\/pages\/263\/revisions\/264"}],"wp:attachment":[{"href":"https:\/\/yvonnewaern.se\/index.php\/wp-json\/wp\/v2\/media?parent=263"}],"curies":[{"name":"wp","href":"https:\/\/api.w.org\/{rel}","templated":true}]}}